{"id":3398,"date":"2021-04-08T14:59:05","date_gmt":"2021-04-08T18:59:05","guid":{"rendered":"https:\/\/regimbal.group\/merci\/"},"modified":"2021-05-04T09:23:33","modified_gmt":"2021-05-04T13:23:33","slug":"merci","status":"publish","type":"page","link":"https:\/\/regimbal.group\/fr\/merci\/","title":{"rendered":"Merci"},"content":{"rendered":"\t\t<div data-elementor-type=\"wp-page\" data-elementor-id=\"3398\" class=\"elementor elementor-3398 elementor-3391\" data-elementor-post-type=\"page\">\n\t\t\t\t\t\t<section class=\"elementor-section elementor-top-section elementor-element elementor-element-abef8a0 elementor-section-full_width elementor-section-content-bottom elementor-section-height-min-height elementor-section-items-bottom elementor-section-height-default\" data-id=\"abef8a0\" data-element_type=\"section\" data-settings=\"{&quot;jet_parallax_layout_list&quot;:[{&quot;jet_parallax_layout_image&quot;:{&quot;url&quot;:&quot;&quot;,&quot;id&quot;:&quot;&quot;,&quot;size&quot;:&quot;&quot;},&quot;_id&quot;:&quot;4278b90&quot;,&quot;jet_parallax_layout_image_tablet&quot;:{&quot;url&quot;:&quot;&quot;,&quot;id&quot;:&quot;&quot;,&quot;size&quot;:&quot;&quot;},&quot;jet_parallax_layout_image_mobile&quot;:{&quot;url&quot;:&quot;&quot;,&quot;id&quot;:&quot;&quot;,&quot;size&quot;:&quot;&quot;},&quot;jet_parallax_layout_speed&quot;:{&quot;unit&quot;:&quot;%&quot;,&quot;size&quot;:50,&quot;sizes&quot;:[]},&quot;jet_parallax_layout_type&quot;:&quot;scroll&quot;,&quot;jet_parallax_layout_direction&quot;:&quot;1&quot;,&quot;jet_parallax_layout_fx_direction&quot;:null,&quot;jet_parallax_layout_z_index&quot;:&quot;&quot;,&quot;jet_parallax_layout_bg_x&quot;:50,&quot;jet_parallax_layout_bg_x_tablet&quot;:&quot;&quot;,&quot;jet_parallax_layout_bg_x_mobile&quot;:&quot;&quot;,&quot;jet_parallax_layout_bg_y&quot;:50,&quot;jet_parallax_layout_bg_y_tablet&quot;:&quot;&quot;,&quot;jet_parallax_layout_bg_y_mobile&quot;:&quot;&quot;,&quot;jet_parallax_layout_bg_size&quot;:&quot;auto&quot;,&quot;jet_parallax_layout_bg_size_tablet&quot;:&quot;&quot;,&quot;jet_parallax_layout_bg_size_mobile&quot;:&quot;&quot;,&quot;jet_parallax_layout_animation_prop&quot;:&quot;transform&quot;,&quot;jet_parallax_layout_on&quot;:[&quot;desktop&quot;,&quot;tablet&quot;]}],&quot;background_background&quot;:&quot;classic&quot;}\">\n\t\t\t\t\t\t\t<div class=\"elementor-background-overlay\"><\/div>\n\t\t\t\t\t\t\t<div class=\"elementor-container elementor-column-gap-default\">\n\t\t\t\t\t<div class=\"elementor-column elementor-col-100 elementor-top-column elementor-element elementor-element-59a66cf\" data-id=\"59a66cf\" data-element_type=\"column\">\n\t\t\t<div class=\"elementor-widget-wrap elementor-element-populated\">\n\t\t\t\t\t\t<div class=\"elementor-element elementor-element-e13f142 elementor-widget__width-initial elementor-widget-tablet__width-initial elementor-widget-mobile__width-initial elementor-widget elementor-widget-heading\" data-id=\"e13f142\" data-element_type=\"widget\" data-widget_type=\"heading.default\">\n\t\t\t\t<div class=\"elementor-widget-container\">\n\t\t\t\t\t<h1 class=\"elementor-heading-title elementor-size-default\">Merci<\/h1>\t\t\t\t<\/div>\n\t\t\t\t<\/div>\n\t\t\t\t<div class=\"elementor-element elementor-element-a8c1b62 elementor-widget__width-auto elementor-widget-tablet__width-initial elementor-absolute elementor-widget elementor-widget-image\" data-id=\"a8c1b62\" data-element_type=\"widget\" data-settings=\"{&quot;_position&quot;:&quot;absolute&quot;}\" data-widget_type=\"image.default\">\n\t\t\t\t<div class=\"elementor-widget-container\">\n\t\t\t\t\t\t\t\t\t\t\t\t\t\t\t<img decoding=\"async\" src=\"https:\/\/regimbal.group\/wp-content\/uploads\/2020\/09\/red-angle-shape.svg\" class=\"attachment-full size-full wp-image-1949\" alt=\"\" \/>\t\t\t\t\t\t\t\t\t\t\t\t\t\t\t<\/div>\n\t\t\t\t<\/div>\n\t\t\t\t\t<\/div>\n\t\t<\/div>\n\t\t\t\t\t<\/div>\n\t\t<\/section>\n\t\t\t\t<section class=\"elementor-section elementor-top-section elementor-element elementor-element-fb43923 elementor-section-boxed elementor-section-height-default elementor-section-height-default\" data-id=\"fb43923\" data-element_type=\"section\" data-settings=\"{&quot;jet_parallax_layout_list&quot;:[{&quot;jet_parallax_layout_image&quot;:{&quot;url&quot;:&quot;&quot;,&quot;id&quot;:&quot;&quot;,&quot;size&quot;:&quot;&quot;},&quot;_id&quot;:&quot;a2bc483&quot;,&quot;jet_parallax_layout_image_tablet&quot;:{&quot;url&quot;:&quot;&quot;,&quot;id&quot;:&quot;&quot;,&quot;size&quot;:&quot;&quot;},&quot;jet_parallax_layout_image_mobile&quot;:{&quot;url&quot;:&quot;&quot;,&quot;id&quot;:&quot;&quot;,&quot;size&quot;:&quot;&quot;},&quot;jet_parallax_layout_speed&quot;:{&quot;unit&quot;:&quot;%&quot;,&quot;size&quot;:50,&quot;sizes&quot;:[]},&quot;jet_parallax_layout_type&quot;:&quot;scroll&quot;,&quot;jet_parallax_layout_direction&quot;:&quot;1&quot;,&quot;jet_parallax_layout_fx_direction&quot;:null,&quot;jet_parallax_layout_z_index&quot;:&quot;&quot;,&quot;jet_parallax_layout_bg_x&quot;:50,&quot;jet_parallax_layout_bg_x_tablet&quot;:&quot;&quot;,&quot;jet_parallax_layout_bg_x_mobile&quot;:&quot;&quot;,&quot;jet_parallax_layout_bg_y&quot;:50,&quot;jet_parallax_layout_bg_y_tablet&quot;:&quot;&quot;,&quot;jet_parallax_layout_bg_y_mobile&quot;:&quot;&quot;,&quot;jet_parallax_layout_bg_size&quot;:&quot;auto&quot;,&quot;jet_parallax_layout_bg_size_tablet&quot;:&quot;&quot;,&quot;jet_parallax_layout_bg_size_mobile&quot;:&quot;&quot;,&quot;jet_parallax_layout_animation_prop&quot;:&quot;transform&quot;,&quot;jet_parallax_layout_on&quot;:[&quot;desktop&quot;,&quot;tablet&quot;]}]}\">\n\t\t\t\t\t\t<div class=\"elementor-container elementor-column-gap-default\">\n\t\t\t\t\t<div class=\"elementor-column elementor-col-100 elementor-top-column elementor-element elementor-element-242cd19\" data-id=\"242cd19\" data-element_type=\"column\">\n\t\t\t<div class=\"elementor-widget-wrap elementor-element-populated\">\n\t\t\t\t\t\t<div class=\"elementor-element elementor-element-b299468 elementor-widget elementor-widget-text-editor\" data-id=\"b299468\" data-element_type=\"widget\" data-widget_type=\"text-editor.default\">\n\t\t\t\t<div class=\"elementor-widget-container\">\n\t\t\t\t\t\t\t\t\t<p>Merci de vous inscrire \u00e0 notre infolettre sur l&rsquo;offre de produits et services du Groupe R\u00e9gimbal !<\/p>\n<p>Au plaisir de partager avec vous des informations pertinentes.<\/p>\n\t\t\t\t\t\t\t\t<\/div>\n\t\t\t\t<\/div>\n\t\t\t\t\t<\/div>\n\t\t<\/div>\n\t\t\t\t\t<\/div>\n\t\t<\/section>\n\t\t\t\t<\/div>\n\t\t","protected":false},"excerpt":{"rendered":"<p>Merci de vous inscrire \u00e0 notre infolettre sur l&rsquo;offre de produits et services du Groupe R\u00e9gimbal ! Au plaisir de partager avec vous des informations pertinentes.<\/p>\n","protected":false},"author":1,"featured_media":5171,"parent":0,"menu_order":0,"comment_status":"closed","ping_status":"closed","template":"","meta":{"_acf_changed":false,"footnotes":""},"class_list":["post-3398","page","type-page","status-publish","has-post-thumbnail","hentry"],"acf":[],"yoast_head":"<!-- This site is optimized with the Yoast SEO plugin v27.3 - https:\/\/yoast.com\/product\/yoast-seo-wordpress\/ -->\n<title>R\u00e9gimbal Group - Merci<\/title>\n<meta name=\"robots\" content=\"index, follow, max-snippet:-1, max-image-preview:large, max-video-preview:-1\" \/>\n<link rel=\"canonical\" href=\"https:\/\/regimbal.group\/fr\/merci\/\" \/>\n<meta property=\"og:locale\" content=\"fr_FR\" \/>\n<meta property=\"og:type\" content=\"article\" \/>\n<meta property=\"og:title\" content=\"R\u00e9gimbal Group - Merci\" \/>\n<meta property=\"og:description\" content=\"Merci de vous inscrire \u00e0 notre infolettre sur l&rsquo;offre de produits et services du Groupe R\u00e9gimbal ! Au plaisir de partager avec vous des informations pertinentes.\" \/>\n<meta property=\"og:url\" content=\"https:\/\/regimbal.group\/fr\/merci\/\" \/>\n<meta property=\"og:site_name\" content=\"R\u00e9gimbal Group\" \/>\n<meta property=\"article:publisher\" content=\"https:\/\/m.facebook.com\/Regimbalgroup\/\" \/>\n<meta property=\"article:modified_time\" content=\"2021-05-04T13:23:33+00:00\" \/>\n<meta property=\"og:image\" content=\"https:\/\/regimbal.group\/wp-content\/uploads\/2021\/04\/regimbal-header-logo.png\" \/>\n\t<meta property=\"og:image:width\" content=\"328\" \/>\n\t<meta property=\"og:image:height\" content=\"328\" \/>\n\t<meta property=\"og:image:type\" content=\"image\/png\" \/>\n<meta name=\"twitter:card\" content=\"summary_large_image\" \/>\n<script type=\"application\/ld+json\" class=\"yoast-schema-graph\">{\"@context\":\"https:\\\/\\\/schema.org\",\"@graph\":[{\"@type\":\"WebPage\",\"@id\":\"https:\\\/\\\/regimbal.group\\\/fr\\\/merci\\\/\",\"url\":\"https:\\\/\\\/regimbal.group\\\/fr\\\/merci\\\/\",\"name\":\"R\u00e9gimbal Group - Merci\",\"isPartOf\":{\"@id\":\"https:\\\/\\\/regimbal.group\\\/fr\\\/#website\"},\"primaryImageOfPage\":{\"@id\":\"https:\\\/\\\/regimbal.group\\\/fr\\\/merci\\\/#primaryimage\"},\"image\":{\"@id\":\"https:\\\/\\\/regimbal.group\\\/fr\\\/merci\\\/#primaryimage\"},\"thumbnailUrl\":\"https:\\\/\\\/regimbal.group\\\/wp-content\\\/uploads\\\/2026\\\/01\\\/Regimbal-LOGO-Official-Black-1.png\",\"datePublished\":\"2021-04-08T18:59:05+00:00\",\"dateModified\":\"2021-05-04T13:23:33+00:00\",\"inLanguage\":\"fr-FR\",\"potentialAction\":[{\"@type\":\"ReadAction\",\"target\":[\"https:\\\/\\\/regimbal.group\\\/fr\\\/merci\\\/\"]}]},{\"@type\":\"ImageObject\",\"inLanguage\":\"fr-FR\",\"@id\":\"https:\\\/\\\/regimbal.group\\\/fr\\\/merci\\\/#primaryimage\",\"url\":\"https:\\\/\\\/regimbal.group\\\/wp-content\\\/uploads\\\/2026\\\/01\\\/Regimbal-LOGO-Official-Black-1.png\",\"contentUrl\":\"https:\\\/\\\/regimbal.group\\\/wp-content\\\/uploads\\\/2026\\\/01\\\/Regimbal-LOGO-Official-Black-1.png\",\"width\":328,\"height\":328},{\"@type\":\"WebSite\",\"@id\":\"https:\\\/\\\/regimbal.group\\\/fr\\\/#website\",\"url\":\"https:\\\/\\\/regimbal.group\\\/fr\\\/\",\"name\":\"R\u00e9gimbal Group\",\"description\":\"\",\"publisher\":{\"@id\":\"https:\\\/\\\/regimbal.group\\\/fr\\\/#organization\"},\"potentialAction\":[{\"@type\":\"SearchAction\",\"target\":{\"@type\":\"EntryPoint\",\"urlTemplate\":\"https:\\\/\\\/regimbal.group\\\/fr\\\/?s={search_term_string}\"},\"query-input\":{\"@type\":\"PropertyValueSpecification\",\"valueRequired\":true,\"valueName\":\"search_term_string\"}}],\"inLanguage\":\"fr-FR\"},{\"@type\":\"Organization\",\"@id\":\"https:\\\/\\\/regimbal.group\\\/fr\\\/#organization\",\"name\":\"R\u00e9gimbal Group\",\"url\":\"https:\\\/\\\/regimbal.group\\\/fr\\\/\",\"logo\":{\"@type\":\"ImageObject\",\"inLanguage\":\"fr-FR\",\"@id\":\"https:\\\/\\\/regimbal.group\\\/fr\\\/#\\\/schema\\\/logo\\\/image\\\/\",\"url\":\"https:\\\/\\\/regimbal.group\\\/wp-content\\\/uploads\\\/2020\\\/08\\\/regimbal-header-logo.png\",\"contentUrl\":\"https:\\\/\\\/regimbal.group\\\/wp-content\\\/uploads\\\/2020\\\/08\\\/regimbal-header-logo.png\",\"width\":328,\"height\":100,\"caption\":\"R\u00e9gimbal Group\"},\"image\":{\"@id\":\"https:\\\/\\\/regimbal.group\\\/fr\\\/#\\\/schema\\\/logo\\\/image\\\/\"},\"sameAs\":[\"https:\\\/\\\/m.facebook.com\\\/Regimbalgroup\\\/\",\"https:\\\/\\\/www.instagram.com\\\/p\\\/pZI0RoBwMV\\\/\",\"https:\\\/\\\/ca.linkedin.com\\\/company\\\/regimbal-awards-and-promotions\",\"https:\\\/\\\/www.youtube.com\\\/channel\\\/UCPGF1IQ3JEC0NYM0GjcWrqA\"]}]}<\/script>\n<!-- \/ Yoast SEO plugin. -->","yoast_head_json":{"title":"R\u00e9gimbal Group - Merci","robots":{"index":"index","follow":"follow","max-snippet":"max-snippet:-1","max-image-preview":"max-image-preview:large","max-video-preview":"max-video-preview:-1"},"canonical":"https:\/\/regimbal.group\/fr\/merci\/","og_locale":"fr_FR","og_type":"article","og_title":"R\u00e9gimbal Group - Merci","og_description":"Merci de vous inscrire \u00e0 notre infolettre sur l&rsquo;offre de produits et services du Groupe R\u00e9gimbal ! Au plaisir de partager avec vous des informations pertinentes.","og_url":"https:\/\/regimbal.group\/fr\/merci\/","og_site_name":"R\u00e9gimbal Group","article_publisher":"https:\/\/m.facebook.com\/Regimbalgroup\/","article_modified_time":"2021-05-04T13:23:33+00:00","og_image":[{"width":328,"height":328,"url":"https:\/\/regimbal.group\/wp-content\/uploads\/2021\/04\/regimbal-header-logo.png","type":"image\/png"}],"twitter_card":"summary_large_image","schema":{"@context":"https:\/\/schema.org","@graph":[{"@type":"WebPage","@id":"https:\/\/regimbal.group\/fr\/merci\/","url":"https:\/\/regimbal.group\/fr\/merci\/","name":"R\u00e9gimbal Group - Merci","isPartOf":{"@id":"https:\/\/regimbal.group\/fr\/#website"},"primaryImageOfPage":{"@id":"https:\/\/regimbal.group\/fr\/merci\/#primaryimage"},"image":{"@id":"https:\/\/regimbal.group\/fr\/merci\/#primaryimage"},"thumbnailUrl":"https:\/\/regimbal.group\/wp-content\/uploads\/2026\/01\/Regimbal-LOGO-Official-Black-1.png","datePublished":"2021-04-08T18:59:05+00:00","dateModified":"2021-05-04T13:23:33+00:00","inLanguage":"fr-FR","potentialAction":[{"@type":"ReadAction","target":["https:\/\/regimbal.group\/fr\/merci\/"]}]},{"@type":"ImageObject","inLanguage":"fr-FR","@id":"https:\/\/regimbal.group\/fr\/merci\/#primaryimage","url":"https:\/\/regimbal.group\/wp-content\/uploads\/2026\/01\/Regimbal-LOGO-Official-Black-1.png","contentUrl":"https:\/\/regimbal.group\/wp-content\/uploads\/2026\/01\/Regimbal-LOGO-Official-Black-1.png","width":328,"height":328},{"@type":"WebSite","@id":"https:\/\/regimbal.group\/fr\/#website","url":"https:\/\/regimbal.group\/fr\/","name":"R\u00e9gimbal Group","description":"","publisher":{"@id":"https:\/\/regimbal.group\/fr\/#organization"},"potentialAction":[{"@type":"SearchAction","target":{"@type":"EntryPoint","urlTemplate":"https:\/\/regimbal.group\/fr\/?s={search_term_string}"},"query-input":{"@type":"PropertyValueSpecification","valueRequired":true,"valueName":"search_term_string"}}],"inLanguage":"fr-FR"},{"@type":"Organization","@id":"https:\/\/regimbal.group\/fr\/#organization","name":"R\u00e9gimbal Group","url":"https:\/\/regimbal.group\/fr\/","logo":{"@type":"ImageObject","inLanguage":"fr-FR","@id":"https:\/\/regimbal.group\/fr\/#\/schema\/logo\/image\/","url":"https:\/\/regimbal.group\/wp-content\/uploads\/2020\/08\/regimbal-header-logo.png","contentUrl":"https:\/\/regimbal.group\/wp-content\/uploads\/2020\/08\/regimbal-header-logo.png","width":328,"height":100,"caption":"R\u00e9gimbal Group"},"image":{"@id":"https:\/\/regimbal.group\/fr\/#\/schema\/logo\/image\/"},"sameAs":["https:\/\/m.facebook.com\/Regimbalgroup\/","https:\/\/www.instagram.com\/p\/pZI0RoBwMV\/","https:\/\/ca.linkedin.com\/company\/regimbal-awards-and-promotions","https:\/\/www.youtube.com\/channel\/UCPGF1IQ3JEC0NYM0GjcWrqA"]}]}},"_links":{"self":[{"href":"https:\/\/regimbal.group\/fr\/wp-json\/wp\/v2\/pages\/3398","targetHints":{"allow":["GET"]}}],"collection":[{"href":"https:\/\/regimbal.group\/fr\/wp-json\/wp\/v2\/pages"}],"about":[{"href":"https:\/\/regimbal.group\/fr\/wp-json\/wp\/v2\/types\/page"}],"author":[{"embeddable":true,"href":"https:\/\/regimbal.group\/fr\/wp-json\/wp\/v2\/users\/1"}],"replies":[{"embeddable":true,"href":"https:\/\/regimbal.group\/fr\/wp-json\/wp\/v2\/comments?post=3398"}],"version-history":[{"count":3,"href":"https:\/\/regimbal.group\/fr\/wp-json\/wp\/v2\/pages\/3398\/revisions"}],"predecessor-version":[{"id":3401,"href":"https:\/\/regimbal.group\/fr\/wp-json\/wp\/v2\/pages\/3398\/revisions\/3401"}],"wp:featuredmedia":[{"embeddable":true,"href":"https:\/\/regimbal.group\/fr\/wp-json\/wp\/v2\/media\/5171"}],"wp:attachment":[{"href":"https:\/\/regimbal.group\/fr\/wp-json\/wp\/v2\/media?parent=3398"}],"curies":[{"name":"wp","href":"https:\/\/api.w.org\/{rel}","templated":true}]}}